{"id":2502,"date":"2020-01-30T13:57:39","date_gmt":"2020-01-30T12:57:39","guid":{"rendered":"https:\/\/www.tes.eu\/declaration-on-protection-of-personal-data-of-job-applicants\/"},"modified":"2020-06-05T09:36:43","modified_gmt":"2020-06-05T07:36:43","slug":"declaration-on-protection-of-personal-data-of-job-applicants","status":"publish","type":"page","link":"https:\/\/www.tes.eu\/ru\/declaration-on-protection-of-personal-data-of-job-applicants\/","title":{"rendered":"Declaration on protection of personal data of job applicants"},"content":{"rendered":"<p>On this website your may learn information on when, how a what personal data we process and how we protect them.<\/p>\n<h2 style=\"text-align: center;\">Declaration on protection of personal data<br \/>\nof job applicants<\/h2>\n<h4>Personal data Controller<\/h4>\n<p>TES s.r.o., registered office at Pra\u017esk\u00e1 597, 674 01 T\u0159eb\u00ed\u010d, ID no.:45477973, e-mail: tes@tes.eu, incorporated in the Companies Register kept by the Regional Court in Brno, section C, file 4884, (further only as the Controller\u201c) hereby informs you, in compliance with Regulation no.: 12 of the European parliament and Council (EU) 2016\/679 about protection of personal data of physical persons in relation to processing of personal data and free movement of such data (further only as \u201eGDPR\u201c), about processing of Your personal data and Your rights.<\/p>\n<h4>Scope of personal data processing<\/h4>\n<p>Personal data are processed in the scope as provided by subject to the Controller, and are processed in compliance with valid legal regulations or in order to fulfil legitimate requirements of the Controller.<\/p>\n<h4>Personal data sources<\/h4>\n<p>Personal data coming directly from data subjects, who intended to apply for the working position of the Controller or participated in interview for the working position by this way:<br \/>\n\u2022 email<br \/>\n\u2022 phone<br \/>\n\u2022 in person<br \/>\n\u2022 on-line communication form (available on the web pages of TES s.r.o.).<\/p>\n<h4>Category of data subjects<\/h4>\n<p>\u2022 Job applicantCategory of recipients of the personal data.<br \/>\n\u2022 Only for the internal use of the Controller.<br \/>\n\u2022 The processor \u2013 contractual Controller of TES website and webhosting provider.<\/p>\n<h4>Purpose of the processing of personal data<\/h4>\n<p>The main purpose is to fill vacant work position adequately by qualified employee (data subject).<\/p>\n<h4>Legal title<\/h4>\n<p>During the selection procedure personal data of subjects are processed at the request of the subject.<br \/>\nThe Controller will process personal data of the successful job applicant complying to the employer requirements if the job applicant gives the consent to process his personal data to the Controller for the period of 1 year in order to allow for the contacting the successful applicant in case of new selection procedure.<\/p>\n<h4>Means of the processing and protection of personal data<\/h4>\n<p>Personal data are processed by individual authorised employees of the Controller or Processor.<br \/>\nConsidering personal data acquired by means of website recorded from the communication form provided by job applicant (the subject of data) there is an external processor included who manages webpages and provides webhosting and keeps personal data records for the limited period of time.<br \/>\nData are processed manually in electronic or paper-based form, further also in electronic information systems while respecting safety requirements for administration and processing of personal data. Processing personal data does involve neither automated decision-making nor profiling. For this purpose the Controller implemented technical and organizational measures to ensure personal data protection against unlawful or accidental access, changes, destruction or loss, unlawful transfer, processing or other unauthorised misuse of personal data. All persons who are entitled in its working position (or within taken working responsibilities) come into contact with personal data are well trained and committed to obligation of confidentiality. They are also obliged to follow valid legal regulations relevant to the protection of personal data.<\/p>\n<h4>Period of the processing of personal data<\/h4>\n<p>Personal data of job applicants with unsatisfying qualification are disposed immediately after the conclusion of the selection procedure and notifying the applicant.<br \/>\nPersonal data of eligible applicant with given consent to the processing of personal data are disposed 1 year after the consent had been given.<\/p>\n<h4>Rights of the Subject of personal data<\/h4>\n<p>A) The subject of personal data, in case she\/he gave the consent with processing of personal data has the right to withdraw the consent at any time.<br \/>\nThe withdrawal of consent shall not affect the lawfulness of processing based on consent before its withdrawal.<\/p>\n<p>B) In compliance with article 12 of GDPR Regulation the Controller informs the subject at the subject\u00b4s request about rights for the access to personal data and the following information:<br \/>\n\u2022 purpose of processing,<br \/>\n\u2022 category of personal data concerned,<br \/>\n\u2022 recipients of the Category of Recipients who have will have an access to the personal data,<br \/>\n\u2022 scheduled period for which the personal data will be kept,<br \/>\n\u2022 all available information about the source of personal data, unless they are not provided by the Subjects of personal data,<br \/>\n\u2022 information whether the automated decision-making incl. profiling is performed.<\/p>\n<p>C) Every data subject, who learns or assumes that the Controller or the processor performs processing of his personal data in contrary to the protection of private or personal life of the subject or the Law, especially if personal data are inaccurate with respect to the purpose of the processing, may:<\/p>\n<ul>\n<li>Ask the Controller for the explanation.<\/li>\n<li>Ask the Controller to eliminate unjustified status which may be in particular related to: blocking, rectification, adding information or erasure of personal data.<\/li>\n<li>If the request of the data subject according to article 1 is assumed as legible, the Controller will without undue delay remedy the unjustified status.<\/li>\n<li>If the Controller does not comply with the request of the data subject according to article 1, the subject has the right to contact the supervisory authority for protection of personal data directly.<\/li>\n<\/ul>\n<h4>Contact data<\/h4>\n<p>Please, if you have questions concerning this Declaration on the protection of personal data or the way of collecting data of job applicants or relevant your comments, you are kindly asked to address them to: tel.: +420 568 838 421, tes@tes.eu.<\/p>\n<h5><\/h5>\n<p>&nbsp;<\/p>\n","protected":false},"excerpt":{"rendered":"<p>On this website your may learn information on when, how a what personal data we process and how we protect them. Declaration on protection of personal data of job applicants Personal data Controller TES s.r.o., registered office at Pra\u017esk\u00e1 597, 674 01 T\u0159eb\u00ed\u010d, ID no.:45477973, e-mail: tes@tes.eu, incorporated in the Companies Register kept by the [&hellip;]<\/p>\n","protected":false},"author":3,"featured_media":0,"parent":0,"menu_order":5,"comment_status":"closed","ping_status":"closed","template":"","meta":[],"yst_prominent_words":[],"acf":[],"yoast_head":"<!-- This site is optimized with the Yoast SEO Premium plugin v14.1 - https:\/\/yoast.com\/wordpress\/plugins\/seo\/ -->\n<meta name=\"robots\" content=\"index, follow\" \/>\n<meta name=\"googlebot\" content=\"index, follow, max-snippet:-1, max-image-preview:large, max-video-preview:-1\" \/>\n<meta name=\"bingbot\" content=\"index, follow, max-snippet:-1, max-image-preview:large, max-video-preview:-1\" \/>\n<link rel=\"canonical\" href=\"https:\/\/www.tes.eu\/ru\/declaration-on-protection-of-personal-data-of-job-applicants\/\" \/>\n<meta property=\"og:locale\" content=\"ru_RU\" \/>\n<meta property=\"og:type\" content=\"article\" \/>\n<meta property=\"og:title\" content=\"Declaration on protection of personal data of job applicants &ndash; TES\" \/>\n<meta property=\"og:description\" content=\"On this website your may learn information on when, how a what personal data we process and how we protect them. Declaration on protection of personal data of job applicants Personal data Controller TES s.r.o., registered office at Pra\u017esk\u00e1 597, 674 01 T\u0159eb\u00ed\u010d, ID no.:45477973, e-mail: tes@tes.eu, incorporated in the Companies Register kept by the [&hellip;]\" \/>\n<meta property=\"og:url\" content=\"https:\/\/www.tes.eu\/ru\/declaration-on-protection-of-personal-data-of-job-applicants\/\" \/>\n<meta property=\"og:site_name\" content=\"TES\" \/>\n<meta property=\"article:modified_time\" content=\"2020-06-05T07:36:43+00:00\" \/>\n<meta name=\"twitter:card\" content=\"summary_large_image\" \/>\n<script type=\"application\/ld+json\" class=\"yoast-schema-graph\">{\"@context\":\"https:\/\/schema.org\",\"@graph\":[{\"@type\":\"WebSite\",\"@id\":\"https:\/\/www.tes.eu\/ru\/#website\",\"url\":\"https:\/\/www.tes.eu\/ru\/\",\"name\":\"TES\",\"description\":\"Jsme experty v jadern\\u00e9 Energetice\",\"potentialAction\":[{\"@type\":\"SearchAction\",\"target\":\"https:\/\/www.tes.eu\/ru\/?s={search_term_string}\",\"query-input\":\"required name=search_term_string\"}],\"inLanguage\":\"ru-RU\"},{\"@type\":\"WebPage\",\"@id\":\"https:\/\/www.tes.eu\/ru\/declaration-on-protection-of-personal-data-of-job-applicants\/#webpage\",\"url\":\"https:\/\/www.tes.eu\/ru\/declaration-on-protection-of-personal-data-of-job-applicants\/\",\"name\":\"Declaration on protection of personal data of job applicants &ndash; TES\",\"isPartOf\":{\"@id\":\"https:\/\/www.tes.eu\/ru\/#website\"},\"datePublished\":\"2020-01-30T12:57:39+00:00\",\"dateModified\":\"2020-06-05T07:36:43+00:00\",\"inLanguage\":\"ru-RU\",\"potentialAction\":[{\"@type\":\"ReadAction\",\"target\":[\"https:\/\/www.tes.eu\/ru\/declaration-on-protection-of-personal-data-of-job-applicants\/\"]}]}]}<\/script>\n<!-- \/ Yoast SEO Premium plugin. -->","_links":{"self":[{"href":"https:\/\/www.tes.eu\/ru\/wp-json\/wp\/v2\/pages\/2502"}],"collection":[{"href":"https:\/\/www.tes.eu\/ru\/wp-json\/wp\/v2\/pages"}],"about":[{"href":"https:\/\/www.tes.eu\/ru\/wp-json\/wp\/v2\/types\/page"}],"author":[{"embeddable":true,"href":"https:\/\/www.tes.eu\/ru\/wp-json\/wp\/v2\/users\/3"}],"replies":[{"embeddable":true,"href":"https:\/\/www.tes.eu\/ru\/wp-json\/wp\/v2\/comments?post=2502"}],"version-history":[{"count":1,"href":"https:\/\/www.tes.eu\/ru\/wp-json\/wp\/v2\/pages\/2502\/revisions"}],"predecessor-version":[{"id":2503,"href":"https:\/\/www.tes.eu\/ru\/wp-json\/wp\/v2\/pages\/2502\/revisions\/2503"}],"wp:attachment":[{"href":"https:\/\/www.tes.eu\/ru\/wp-json\/wp\/v2\/media?parent=2502"}],"wp:term":[{"taxonomy":"yst_prominent_words","embeddable":true,"href":"https:\/\/www.tes.eu\/ru\/wp-json\/wp\/v2\/yst_prominent_words?post=2502"}],"curies":[{"name":"wp","href":"https:\/\/api.w.org\/{rel}","templated":true}]}}