{"id":2117,"date":"2019-05-30T19:24:09","date_gmt":"2019-05-30T17:24:09","guid":{"rendered":"https:\/\/www.tes.eu\/fakturacni-udaje\/"},"modified":"2020-06-04T21:46:56","modified_gmt":"2020-06-04T19:46:56","slug":"fakturacni-udaje","status":"publish","type":"page","link":"https:\/\/www.tes.eu\/ru\/fakturacni-udaje\/","title":{"rendered":"\u041f\u043b\u0430\u0442\u0435\u0436\u043d\u044b\u0435 \u0440\u0435\u043a\u0432\u0438\u0437\u0438\u0442\u044b"},"content":{"rendered":"<h4><strong>\u042e\u0440\u0438\u0434\u0438\u0447\u0435\u0441\u043a\u0438\u0439 \u0430\u0434\u0440\u0435\u0441:<\/strong><\/h4>\n<h4><strong><a href=\"https:\/\/www.tes.eu\/wp-content\/uploads\/2019\/05\/hero.png\"><img loading=\"lazy\" class=\" wp-image-104 alignright\" src=\"https:\/\/www.tes.eu\/wp-content\/uploads\/2019\/05\/hero-300x116.png\" alt=\"\" width=\"320\" height=\"124\" srcset=\"https:\/\/www.tes.eu\/wp-content\/uploads\/2019\/05\/hero-300x116.png 300w, https:\/\/www.tes.eu\/wp-content\/uploads\/2019\/05\/hero-768x297.png 768w, https:\/\/www.tes.eu\/wp-content\/uploads\/2019\/05\/hero-1024x396.png 1024w, https:\/\/www.tes.eu\/wp-content\/uploads\/2019\/05\/hero.png 1920w\" sizes=\"(max-width: 320px) 100vw, 320px\" \/><\/a><\/strong><\/h4>\n<p>TES s.r.o.<br \/>\nPra\u017esk\u00e1 597<br \/>\n674 01 T\u0159eb\u00ed\u010d<br \/>\n\u0427\u0435\u0448\u0441\u043a\u0430\u044f \u0420\u0435\u0441\u043f\u0443\u0431\u043b\u0438\u043a\u0430<\/p>\n<p>\u041e\u0413\u0420\u041d:: 45477973<br \/>\n\u0418\u041d\u041d \u0427\u0420: CZ 45477973<br \/>\n\u0418\u041d\u041d \u0421\u0420:: SK4120043642 (\u0434\u043b\u044f \u043e\u0444\u0438\u0441\u0430 \u0410\u042d\u0421 \u041c\u043e\u0445\u043e\u0432\u0446\u0435, \u0421\u043b\u043e\u0432\u0430\u043a\u0438\u044f)<\/p>\n<p>\u0422.:+420 568 838 411<br \/>\nE-mail: tes@tes.eu<br \/>\nwww.tes.eu<\/p>\n<h4><strong>\u0411\u0430\u043d\u043a\u043e\u0432\u0441\u043a\u0438\u0435 \u0440\u0435\u043a\u0432\u0438\u0437\u0438\u0442\u044b:<\/strong><\/h4>\n<p>\u041d\u0430\u0438\u043c\u0435\u043d\u043e\u0432\u0430\u043d\u0438\u0435 \u0431\u0430\u043d\u043a\u0430: Komer\u010dn\u00ed banka T\u0159eb\u00ed\u010d a.s.<br \/>\n\u0420\u0430\u0441\u0447\u0435\u0442\u043d\u044b\u0439 \u0441\u0447\u0435\u0442: 377548711\/0100<br \/>\n\u0412\u044b \u0442\u0430\u043a\u0436\u0435 \u043c\u043e\u0436\u0435\u0442\u0435 \u043e\u0442\u043f\u0440\u0430\u0432\u0438\u0442\u044c \u043d\u0430\u043b\u043e\u0433\u043e\u0432\u044b\u0435 \u0434\u043e\u043a\u0443\u043c\u0435\u043d\u0442\u044b \u0432 \u0435\u043b\u0435\u043a\u0442\u0440\u043e\u043d\u043d\u043e\u043c \u0432\u0438\u0434\u0435 \u043f\u043e \u0430\u0434\u0440\u0435\u0441\u0443:<a href=\"mailto:tes@tes.eu\"> tes@tes.eu<\/a><\/p>\n<p>\u041a\u043e\u043c\u043f\u0430\u043d\u0438\u044f TES s.r.o. \u0437\u0430\u0440\u0435\u0433\u0438\u0441\u0442\u0440\u0438\u0440\u043e\u0432\u0430\u043d\u0430 \u0432 \u043a\u0440\u0430\u0435\u0432\u043e\u043c \u0441\u0443\u0434\u0435 \u0433. \u0411\u0440\u043d\u043e, \u0440\u0430\u0437\u0434\u0435\u043b C, \u0437\u0430\u043f\u0438\u0441\u044c 4884.<br \/>\n<a href=\"https:\/\/or.justice.cz\/ias\/ui\/rejstrik-firma.vysledky?subjektId=206012&amp;typ=PLATNY\">\u041f\u043e\u043b\u043d\u0430\u044f \u0432\u044b\u043f\u0438\u0441\u043a\u0430 \u0438\u0437 \u0442\u043e\u0440\u0433\u043e\u0432\u043e\u0433\u043e \u0440\u0435\u0435\u0441\u0442\u0440\u0430.<\/a><\/p>\n","protected":false},"excerpt":{"rendered":"<p>\u042e\u0440\u0438\u0434\u0438\u0447\u0435\u0441\u043a\u0438\u0439 \u0430\u0434\u0440\u0435\u0441: TES s.r.o. Pra\u017esk\u00e1 597 674 01 T\u0159eb\u00ed\u010d \u0427\u0435\u0448\u0441\u043a\u0430\u044f \u0420\u0435\u0441\u043f\u0443\u0431\u043b\u0438\u043a\u0430 \u041e\u0413\u0420\u041d:: 45477973 \u0418\u041d\u041d \u0427\u0420: CZ 45477973 \u0418\u041d\u041d \u0421\u0420:: SK4120043642 (\u0434\u043b\u044f \u043e\u0444\u0438\u0441\u0430 \u0410\u042d\u0421 \u041c\u043e\u0445\u043e\u0432\u0446\u0435, \u0421\u043b\u043e\u0432\u0430\u043a\u0438\u044f) \u0422.:+420 568 838 411 E-mail: tes@tes.eu www.tes.eu \u0411\u0430\u043d\u043a\u043e\u0432\u0441\u043a\u0438\u0435 \u0440\u0435\u043a\u0432\u0438\u0437\u0438\u0442\u044b: \u041d\u0430\u0438\u043c\u0435\u043d\u043e\u0432\u0430\u043d\u0438\u0435 \u0431\u0430\u043d\u043a\u0430: Komer\u010dn\u00ed banka T\u0159eb\u00ed\u010d a.s. \u0420\u0430\u0441\u0447\u0435\u0442\u043d\u044b\u0439 \u0441\u0447\u0435\u0442: 377548711\/0100 \u0412\u044b \u0442\u0430\u043a\u0436\u0435 \u043c\u043e\u0436\u0435\u0442\u0435 \u043e\u0442\u043f\u0440\u0430\u0432\u0438\u0442\u044c \u043d\u0430\u043b\u043e\u0433\u043e\u0432\u044b\u0435 \u0434\u043e\u043a\u0443\u043c\u0435\u043d\u0442\u044b \u0432 \u0435\u043b\u0435\u043a\u0442\u0440\u043e\u043d\u043d\u043e\u043c \u0432\u0438\u0434\u0435 \u043f\u043e \u0430\u0434\u0440\u0435\u0441\u0443: tes@tes.eu [&hellip;]<\/p>\n","protected":false},"author":2,"featured_media":314,"parent":0,"menu_order":43,"comment_status":"closed","ping_status":"closed","template":"template-contacts.php","meta":[],"yst_prominent_words":[],"acf":[],"yoast_head":"<!-- This site is optimized with the Yoast SEO Premium plugin v14.1 - https:\/\/yoast.com\/wordpress\/plugins\/seo\/ -->\n<meta name=\"robots\" content=\"index, follow\" \/>\n<meta name=\"googlebot\" content=\"index, follow, max-snippet:-1, max-image-preview:large, max-video-preview:-1\" \/>\n<meta name=\"bingbot\" content=\"index, follow, max-snippet:-1, max-image-preview:large, max-video-preview:-1\" \/>\n<link rel=\"canonical\" href=\"https:\/\/www.tes.eu\/ru\/fakturacni-udaje\/\" \/>\n<meta property=\"og:locale\" content=\"ru_RU\" \/>\n<meta property=\"og:type\" content=\"article\" \/>\n<meta property=\"og:title\" content=\"\u041f\u043b\u0430\u0442\u0435\u0436\u043d\u044b\u0435 \u0440\u0435\u043a\u0432\u0438\u0437\u0438\u0442\u044b &ndash; TES\" \/>\n<meta property=\"og:description\" content=\"\u042e\u0440\u0438\u0434\u0438\u0447\u0435\u0441\u043a\u0438\u0439 \u0430\u0434\u0440\u0435\u0441: TES s.r.o. Pra\u017esk\u00e1 597 674 01 T\u0159eb\u00ed\u010d \u0427\u0435\u0448\u0441\u043a\u0430\u044f \u0420\u0435\u0441\u043f\u0443\u0431\u043b\u0438\u043a\u0430 \u041e\u0413\u0420\u041d:: 45477973 \u0418\u041d\u041d \u0427\u0420: CZ 45477973 \u0418\u041d\u041d \u0421\u0420:: SK4120043642 (\u0434\u043b\u044f \u043e\u0444\u0438\u0441\u0430 \u0410\u042d\u0421 \u041c\u043e\u0445\u043e\u0432\u0446\u0435, \u0421\u043b\u043e\u0432\u0430\u043a\u0438\u044f) \u0422.:+420 568 838 411 E-mail: tes@tes.eu www.tes.eu \u0411\u0430\u043d\u043a\u043e\u0432\u0441\u043a\u0438\u0435 \u0440\u0435\u043a\u0432\u0438\u0437\u0438\u0442\u044b: \u041d\u0430\u0438\u043c\u0435\u043d\u043e\u0432\u0430\u043d\u0438\u0435 \u0431\u0430\u043d\u043a\u0430: Komer\u010dn\u00ed banka T\u0159eb\u00ed\u010d a.s. \u0420\u0430\u0441\u0447\u0435\u0442\u043d\u044b\u0439 \u0441\u0447\u0435\u0442: 377548711\/0100 \u0412\u044b \u0442\u0430\u043a\u0436\u0435 \u043c\u043e\u0436\u0435\u0442\u0435 \u043e\u0442\u043f\u0440\u0430\u0432\u0438\u0442\u044c \u043d\u0430\u043b\u043e\u0433\u043e\u0432\u044b\u0435 \u0434\u043e\u043a\u0443\u043c\u0435\u043d\u0442\u044b \u0432 \u0435\u043b\u0435\u043a\u0442\u0440\u043e\u043d\u043d\u043e\u043c \u0432\u0438\u0434\u0435 \u043f\u043e \u0430\u0434\u0440\u0435\u0441\u0443: tes@tes.eu [&hellip;]\" \/>\n<meta property=\"og:url\" content=\"https:\/\/www.tes.eu\/ru\/fakturacni-udaje\/\" \/>\n<meta property=\"og:site_name\" content=\"TES\" \/>\n<meta property=\"article:modified_time\" content=\"2020-06-04T19:46:56+00:00\" \/>\n<meta property=\"og:image\" content=\"https:\/\/www.tes.eu\/wp-content\/uploads\/2019\/05\/hero-1024x396.png\" \/>\n\t<meta property=\"og:image:width\" content=\"1024\" \/>\n\t<meta property=\"og:image:height\" content=\"396\" \/>\n<meta name=\"twitter:card\" content=\"summary_large_image\" \/>\n<script type=\"application\/ld+json\" class=\"yoast-schema-graph\">{\"@context\":\"https:\/\/schema.org\",\"@graph\":[{\"@type\":\"WebSite\",\"@id\":\"https:\/\/www.tes.eu\/ru\/#website\",\"url\":\"https:\/\/www.tes.eu\/ru\/\",\"name\":\"TES\",\"description\":\"Jsme experty v jadern\\u00e9 Energetice\",\"potentialAction\":[{\"@type\":\"SearchAction\",\"target\":\"https:\/\/www.tes.eu\/ru\/?s={search_term_string}\",\"query-input\":\"required name=search_term_string\"}],\"inLanguage\":\"ru-RU\"},{\"@type\":\"ImageObject\",\"@id\":\"https:\/\/www.tes.eu\/ru\/fakturacni-udaje\/#primaryimage\",\"inLanguage\":\"ru-RU\",\"url\":\"https:\/\/www.tes.eu\/wp-content\/uploads\/2019\/05\/hero.png\",\"width\":1920,\"height\":743},{\"@type\":\"WebPage\",\"@id\":\"https:\/\/www.tes.eu\/ru\/fakturacni-udaje\/#webpage\",\"url\":\"https:\/\/www.tes.eu\/ru\/fakturacni-udaje\/\",\"name\":\"\\u041f\\u043b\\u0430\\u0442\\u0435\\u0436\\u043d\\u044b\\u0435 \\u0440\\u0435\\u043a\\u0432\\u0438\\u0437\\u0438\\u0442\\u044b &ndash; TES\",\"isPartOf\":{\"@id\":\"https:\/\/www.tes.eu\/ru\/#website\"},\"primaryImageOfPage\":{\"@id\":\"https:\/\/www.tes.eu\/ru\/fakturacni-udaje\/#primaryimage\"},\"datePublished\":\"2019-05-30T17:24:09+00:00\",\"dateModified\":\"2020-06-04T19:46:56+00:00\",\"inLanguage\":\"ru-RU\",\"potentialAction\":[{\"@type\":\"ReadAction\",\"target\":[\"https:\/\/www.tes.eu\/ru\/fakturacni-udaje\/\"]}]}]}<\/script>\n<!-- \/ Yoast SEO Premium plugin. -->","_links":{"self":[{"href":"https:\/\/www.tes.eu\/ru\/wp-json\/wp\/v2\/pages\/2117"}],"collection":[{"href":"https:\/\/www.tes.eu\/ru\/wp-json\/wp\/v2\/pages"}],"about":[{"href":"https:\/\/www.tes.eu\/ru\/wp-json\/wp\/v2\/types\/page"}],"author":[{"embeddable":true,"href":"https:\/\/www.tes.eu\/ru\/wp-json\/wp\/v2\/users\/2"}],"replies":[{"embeddable":true,"href":"https:\/\/www.tes.eu\/ru\/wp-json\/wp\/v2\/comments?post=2117"}],"version-history":[{"count":2,"href":"https:\/\/www.tes.eu\/ru\/wp-json\/wp\/v2\/pages\/2117\/revisions"}],"predecessor-version":[{"id":2120,"href":"https:\/\/www.tes.eu\/ru\/wp-json\/wp\/v2\/pages\/2117\/revisions\/2120"}],"wp:featuredmedia":[{"embeddable":true,"href":"https:\/\/www.tes.eu\/ru\/wp-json\/wp\/v2\/media\/314"}],"wp:attachment":[{"href":"https:\/\/www.tes.eu\/ru\/wp-json\/wp\/v2\/media?parent=2117"}],"wp:term":[{"taxonomy":"yst_prominent_words","embeddable":true,"href":"https:\/\/www.tes.eu\/ru\/wp-json\/wp\/v2\/yst_prominent_words?post=2117"}],"curies":[{"name":"wp","href":"https:\/\/api.w.org\/{rel}","templated":true}]}}