{"id":1202,"date":"2019-05-30T19:24:09","date_gmt":"2019-05-30T17:24:09","guid":{"rendered":"http:\/\/www.tes.eu\/fakturacni-udaje\/"},"modified":"2020-02-12T10:59:23","modified_gmt":"2020-02-12T09:59:23","slug":"fakturacni-udaje","status":"publish","type":"page","link":"https:\/\/www.tes.eu\/en\/fakturacni-udaje\/","title":{"rendered":"Invoicing data"},"content":{"rendered":"<h4><strong>Headquarters<\/strong><\/h4>\n<p>TES s.r.o.<br \/>\nPra\u017esk\u00e1 597<br \/>\n674 01 T\u0159eb\u00ed\u010d<br \/>\nCzech Republic<\/p>\n<p>Company registration No.: 45477973<br \/>\nTax identification No.: CZ 45477973<br \/>\nTax identification No. (TES &#8211; Mochovce NPP, Slovak Republic): SK4120043642<\/p>\n<p>Phone.:+420 568 838 411<br \/>\nE-mail: tes@tes.eu<br \/>\nID datov\u00e9 schr\u00e1nky: 4ze6zf3<br \/>\nwww.tes.eu<\/p>\n<h4><strong>Bank connection:<\/strong><\/h4>\n<p>Komer\u010dn\u00ed banka T\u0159eb\u00ed\u010d a.s., T\u0159eb\u00ed\u010d<br \/>\nAccount No.: 377548711\/0100<br \/>\nPlease send your tax documents in electronic form to:<a href=\"mailto:tes@tes.eu\"> tes@tes.eu<\/a><\/p>\n<p>TES s.r.o. is registered at the Regional Court in Brno, Section C, File no. 4884.<br \/>\nFind more details about TES s.r.o. in <a href=\"https:\/\/or.justice.cz\/ias\/ui\/rejstrik-firma.vysledky?subjektId=206012&amp;typ=PLATNY\">the Commercial Register.<\/a><\/p>\n<p>&nbsp;<\/p>\n<p>&nbsp;<\/p>\n","protected":false},"excerpt":{"rendered":"<p>Headquarters TES s.r.o. Pra\u017esk\u00e1 597 674 01 T\u0159eb\u00ed\u010d Czech Republic Company registration No.: 45477973 Tax identification No.: CZ 45477973 Tax identification No. (TES &#8211; Mochovce NPP, Slovak Republic): SK4120043642 Phone.:+420 568 838 411 E-mail: tes@tes.eu ID datov\u00e9 schr\u00e1nky: 4ze6zf3 www.tes.eu Bank connection: Komer\u010dn\u00ed banka T\u0159eb\u00ed\u010d a.s., T\u0159eb\u00ed\u010d Account No.: 377548711\/0100 Please send your tax documents [&hellip;]<\/p>\n","protected":false},"author":2,"featured_media":0,"parent":0,"menu_order":42,"comment_status":"closed","ping_status":"closed","template":"template-contacts.php","meta":[],"yst_prominent_words":[],"acf":[],"yoast_head":"<!-- This site is optimized with the Yoast SEO Premium plugin v14.1 - https:\/\/yoast.com\/wordpress\/plugins\/seo\/ -->\n<meta name=\"robots\" content=\"index, follow\" \/>\n<meta name=\"googlebot\" content=\"index, follow, max-snippet:-1, max-image-preview:large, max-video-preview:-1\" \/>\n<meta name=\"bingbot\" content=\"index, follow, max-snippet:-1, max-image-preview:large, max-video-preview:-1\" \/>\n<link rel=\"canonical\" href=\"https:\/\/www.tes.eu\/en\/fakturacni-udaje\/\" \/>\n<meta property=\"og:locale\" content=\"en_US\" \/>\n<meta property=\"og:type\" content=\"article\" \/>\n<meta property=\"og:title\" content=\"Invoicing data &ndash; TES\" \/>\n<meta property=\"og:description\" content=\"Headquarters TES s.r.o. Pra\u017esk\u00e1 597 674 01 T\u0159eb\u00ed\u010d Czech Republic Company registration No.: 45477973 Tax identification No.: CZ 45477973 Tax identification No. (TES &#8211; Mochovce NPP, Slovak Republic): SK4120043642 Phone.:+420 568 838 411 E-mail: tes@tes.eu ID datov\u00e9 schr\u00e1nky: 4ze6zf3 www.tes.eu Bank connection: Komer\u010dn\u00ed banka T\u0159eb\u00ed\u010d a.s., T\u0159eb\u00ed\u010d Account No.: 377548711\/0100 Please send your tax documents [&hellip;]\" \/>\n<meta property=\"og:url\" content=\"https:\/\/www.tes.eu\/en\/fakturacni-udaje\/\" \/>\n<meta property=\"og:site_name\" content=\"TES\" \/>\n<meta property=\"article:modified_time\" content=\"2020-02-12T09:59:23+00:00\" \/>\n<meta name=\"twitter:card\" content=\"summary_large_image\" \/>\n<script type=\"application\/ld+json\" class=\"yoast-schema-graph\">{\"@context\":\"https:\/\/schema.org\",\"@graph\":[{\"@type\":\"WebSite\",\"@id\":\"https:\/\/www.tes.eu\/en\/#website\",\"url\":\"https:\/\/www.tes.eu\/en\/\",\"name\":\"TES\",\"description\":\"Jsme experty v jadern\\u00e9 Energetice\",\"potentialAction\":[{\"@type\":\"SearchAction\",\"target\":\"https:\/\/www.tes.eu\/en\/?s={search_term_string}\",\"query-input\":\"required name=search_term_string\"}],\"inLanguage\":\"en-US\"},{\"@type\":\"WebPage\",\"@id\":\"https:\/\/www.tes.eu\/en\/fakturacni-udaje\/#webpage\",\"url\":\"https:\/\/www.tes.eu\/en\/fakturacni-udaje\/\",\"name\":\"Invoicing data &ndash; TES\",\"isPartOf\":{\"@id\":\"https:\/\/www.tes.eu\/en\/#website\"},\"datePublished\":\"2019-05-30T17:24:09+00:00\",\"dateModified\":\"2020-02-12T09:59:23+00:00\",\"inLanguage\":\"en-US\",\"potentialAction\":[{\"@type\":\"ReadAction\",\"target\":[\"https:\/\/www.tes.eu\/en\/fakturacni-udaje\/\"]}]}]}<\/script>\n<!-- \/ Yoast SEO Premium plugin. -->","_links":{"self":[{"href":"https:\/\/www.tes.eu\/en\/wp-json\/wp\/v2\/pages\/1202"}],"collection":[{"href":"https:\/\/www.tes.eu\/en\/wp-json\/wp\/v2\/pages"}],"about":[{"href":"https:\/\/www.tes.eu\/en\/wp-json\/wp\/v2\/types\/page"}],"author":[{"embeddable":true,"href":"https:\/\/www.tes.eu\/en\/wp-json\/wp\/v2\/users\/2"}],"replies":[{"embeddable":true,"href":"https:\/\/www.tes.eu\/en\/wp-json\/wp\/v2\/comments?post=1202"}],"version-history":[{"count":7,"href":"https:\/\/www.tes.eu\/en\/wp-json\/wp\/v2\/pages\/1202\/revisions"}],"predecessor-version":[{"id":1935,"href":"https:\/\/www.tes.eu\/en\/wp-json\/wp\/v2\/pages\/1202\/revisions\/1935"}],"wp:attachment":[{"href":"https:\/\/www.tes.eu\/en\/wp-json\/wp\/v2\/media?parent=1202"}],"wp:term":[{"taxonomy":"yst_prominent_words","embeddable":true,"href":"https:\/\/www.tes.eu\/en\/wp-json\/wp\/v2\/yst_prominent_words?post=1202"}],"curies":[{"name":"wp","href":"https:\/\/api.w.org\/{rel}","templated":true}]}}