{"id":1195,"date":"2019-05-30T23:03:12","date_gmt":"2019-05-30T21:03:12","guid":{"rendered":"http:\/\/www.tes.eu\/reference\/"},"modified":"2023-04-24T14:56:43","modified_gmt":"2023-04-24T12:56:43","slug":"reference","status":"publish","type":"page","link":"https:\/\/www.tes.eu\/en\/reference\/","title":{"rendered":"References"},"content":{"rendered":"","protected":false},"excerpt":{"rendered":"","protected":false},"author":2,"featured_media":0,"parent":0,"menu_order":38,"comment_status":"closed","ping_status":"closed","template":"template-reference.php","meta":[],"yst_prominent_words":[],"acf":[],"yoast_head":"<!-- This site is optimized with the Yoast SEO Premium plugin v14.1 - https:\/\/yoast.com\/wordpress\/plugins\/seo\/ -->\n<meta name=\"description\" content=\"TES - Servis a \u00fadr\u017eba za\u0159\u00edzen\u00ed JE, Deterministick\u00e9 bezpe\u010dnostn\u00ed anal\u00fdzy, Monitorovac\u00ed a diagnostick\u00e9 syst\u00e9my, Podpora spou\u0161t\u011bn\u00ed a provozu JE\" \/>\n<meta name=\"robots\" content=\"index, follow\" \/>\n<meta name=\"googlebot\" content=\"index, follow, max-snippet:-1, max-image-preview:large, max-video-preview:-1\" \/>\n<meta name=\"bingbot\" content=\"index, follow, max-snippet:-1, max-image-preview:large, max-video-preview:-1\" \/>\n<link rel=\"canonical\" href=\"https:\/\/www.tes.eu\/en\/reference\/\" \/>\n<meta property=\"og:locale\" content=\"en_US\" \/>\n<meta property=\"og:type\" content=\"article\" \/>\n<meta property=\"og:title\" content=\"TES - Servis a \u00fadr\u017eba za\u0159\u00edzen\u00ed JE, Podpora jadern\u00e9ho dozoru\" \/>\n<meta property=\"og:description\" content=\"TES - Servis a \u00fadr\u017eba za\u0159\u00edzen\u00ed JE, Deterministick\u00e9 bezpe\u010dnostn\u00ed anal\u00fdzy, Monitorovac\u00ed a diagnostick\u00e9 syst\u00e9my, Podpora spou\u0161t\u011bn\u00ed a provozu JE\" \/>\n<meta property=\"og:url\" content=\"https:\/\/www.tes.eu\/en\/reference\/\" \/>\n<meta property=\"og:site_name\" content=\"TES\" \/>\n<meta property=\"article:modified_time\" content=\"2023-04-24T12:56:43+00:00\" \/>\n<meta name=\"twitter:card\" content=\"summary_large_image\" \/>\n<script type=\"application\/ld+json\" class=\"yoast-schema-graph\">{\"@context\":\"https:\/\/schema.org\",\"@graph\":[{\"@type\":\"WebSite\",\"@id\":\"https:\/\/www.tes.eu\/en\/#website\",\"url\":\"https:\/\/www.tes.eu\/en\/\",\"name\":\"TES\",\"description\":\"Jsme experty v jadern\\u00e9 Energetice\",\"potentialAction\":[{\"@type\":\"SearchAction\",\"target\":\"https:\/\/www.tes.eu\/en\/?s={search_term_string}\",\"query-input\":\"required name=search_term_string\"}],\"inLanguage\":\"en-US\"},{\"@type\":\"WebPage\",\"@id\":\"https:\/\/www.tes.eu\/en\/reference\/#webpage\",\"url\":\"https:\/\/www.tes.eu\/en\/reference\/\",\"name\":\"TES - Servis a \\u00fadr\\u017eba za\\u0159\\u00edzen\\u00ed JE, Podpora jadern\\u00e9ho dozoru\",\"isPartOf\":{\"@id\":\"https:\/\/www.tes.eu\/en\/#website\"},\"datePublished\":\"2019-05-30T21:03:12+00:00\",\"dateModified\":\"2023-04-24T12:56:43+00:00\",\"description\":\"TES - Servis a \\u00fadr\\u017eba za\\u0159\\u00edzen\\u00ed JE, Deterministick\\u00e9 bezpe\\u010dnostn\\u00ed anal\\u00fdzy, Monitorovac\\u00ed a diagnostick\\u00e9 syst\\u00e9my, Podpora spou\\u0161t\\u011bn\\u00ed a provozu JE\",\"inLanguage\":\"en-US\",\"potentialAction\":[{\"@type\":\"ReadAction\",\"target\":[\"https:\/\/www.tes.eu\/en\/reference\/\"]}]}]}<\/script>\n<!-- \/ Yoast SEO Premium plugin. -->","_links":{"self":[{"href":"https:\/\/www.tes.eu\/en\/wp-json\/wp\/v2\/pages\/1195"}],"collection":[{"href":"https:\/\/www.tes.eu\/en\/wp-json\/wp\/v2\/pages"}],"about":[{"href":"https:\/\/www.tes.eu\/en\/wp-json\/wp\/v2\/types\/page"}],"author":[{"embeddable":true,"href":"https:\/\/www.tes.eu\/en\/wp-json\/wp\/v2\/users\/2"}],"replies":[{"embeddable":true,"href":"https:\/\/www.tes.eu\/en\/wp-json\/wp\/v2\/comments?post=1195"}],"version-history":[{"count":5,"href":"https:\/\/www.tes.eu\/en\/wp-json\/wp\/v2\/pages\/1195\/revisions"}],"predecessor-version":[{"id":3337,"href":"https:\/\/www.tes.eu\/en\/wp-json\/wp\/v2\/pages\/1195\/revisions\/3337"}],"wp:attachment":[{"href":"https:\/\/www.tes.eu\/en\/wp-json\/wp\/v2\/media?parent=1195"}],"wp:term":[{"taxonomy":"yst_prominent_words","embeddable":true,"href":"https:\/\/www.tes.eu\/en\/wp-json\/wp\/v2\/yst_prominent_words?post=1195"}],"curies":[{"name":"wp","href":"https:\/\/api.w.org\/{rel}","templated":true}]}}