{"id":1108,"date":"2019-09-16T09:49:29","date_gmt":"2019-09-16T07:49:29","guid":{"rendered":"http:\/\/www.tes.eu\/o-nas\/system-rizeni\/"},"modified":"2023-11-02T14:39:42","modified_gmt":"2023-11-02T13:39:42","slug":"system-rizeni","status":"publish","type":"page","link":"https:\/\/www.tes.eu\/en\/o-nas\/system-rizeni\/","title":{"rendered":"Integrated management system"},"content":{"rendered":"<p>TES gives the highest priority to quality assurance system, industrial safety and environmental management protection while providing quality services to our customers.<\/p>\n<p>Transparent and systematic approach is the key aspect of the company management on all levels of the TES organisation. That is why our company has introduced Integrated Management System that allows us to improve continually all processes inside the company as well as our commitments to our partners.<\/p>\n<p>The Integrated Management System has been applied throughout all workplaces in full compliance with \u010cSN EN ISO 9001:2016, \u010cSN EN ISO 14001:2016, \u010cSN EN ISO 45001:2008 Standards for the following processes.<\/p>\n<ul>\n<li>Engineering services in power and mechanical engineering industry with focus on:\n<ul>\n<li>Supervision and realization of investment projects and their coordination<\/li>\n<li>Mathematical modelling of technological processes<\/li>\n<li>\u00a0Independent supervision over nuclear power commissioning and operation<\/li>\n<li>\u00a0Analyses of failure events<\/li>\n<\/ul>\n<\/li>\n<li>Development and manufacturing of industrial measuring systems<\/li>\n<li>Designing of electrical systems and equipment<\/li>\n<li>Measuring of electrical and technological parameters<\/li>\n<li>Installation and maintenance activities<\/li>\n<\/ul>\n<h4>Certificates according to the standard as above are available here<\/h4>\n<p><a href=\"https:\/\/www.tes.eu\/wp-content\/uploads\/2023\/11\/CQS_9001-do-20261028-EN.pdf\">ISO 9001<\/a><br \/>\n<a href=\"https:\/\/www.tes.eu\/wp-content\/uploads\/2023\/11\/CQS_14001-do-20261028-EN.pdf\">ISO 14001<\/a><br \/>\n<a href=\"https:\/\/www.tes.eu\/wp-content\/uploads\/2023\/11\/CQS_45001-do-20261028-EN.pdf\">ISO 45001<\/a><\/p>\n<h4>NUCLEAR QUALITY CERTIFIED<\/h4>\n<p>TES has met requirements of the national regulation on quality assurance at activities related to peaceful utilization of nuclear power\u00a0 in accordance with Act no. 263\/2016 Sb.\u00a0 &#8211; Coll. &#8211; Atomic Act and Regulation no. 408\/2016 Coll. which has been verified by audits performed by our key customers (CEZ, a.s., I&amp;C Energo, a.s, \u0160koda JS, a.s.).<\/p>\n<p>\u010cEZ, a.s. \u2013 TES is on the list of certified suppliers of \u010cEZ, a.s. that meet the requirements of the quality system.\u00a0\u00a0 \u2013 <a href=\"https:\/\/www.tes.eu\/wp-content\/uploads\/2023\/11\/CEZ-do-20261031.pdf\">certificate<\/a><br \/>\nI&amp;C Energo a.s. \u2013 <a href=\"https:\/\/www.tes.eu\/wp-content\/uploads\/2019\/09\/ICE-do-20210831.pdf\">certificatehttps:\/\/www.tes.eu\/wp-content\/uploads\/2021\/12\/CEZ-do-20231031.pdf<\/a><\/p>\n<h4>DEVELOPMENT POLICY<\/h4>\n<p>In order to assure the prosperity and stability of the TES, its management proclaims this policy, by which TES undertakes:<\/p>\n<ul>\n<li>To maintain and strengthen our share in the power industry \u2013 to the maximum extent the needs of the customers by a professional and helpful approach of all employees, to meet our obligations in good quality, quickly and effectively so that the TES will stay reliable partner for its customers.<\/li>\n<li>To ensure consistently high level of \u00a0qualification of professionals for the activities related to the commissioning of new power plants.<\/li>\n<li>To keep its resources and provide for our better quality \u2013 constitute conditions for better communication, higher satisfaction and safety of the employees, to support our creative, autonomous and responsible approach and enable the development of skills, knowledge and, in particular, the language skills.<\/li>\n<li>To provide for the required quality of our products through a careful selection of inputs.<\/li>\n<li>To discuss the requirements for safety and health at work with employees and their representatives and support their involvement in the health and safety at work issues.<\/li>\n<li>To participate actively on prevention of potential risks of health hazard and safety at work and risks of environmental contamination or occurrence of material damage. To minimize the environmental impacts due to activities of our company and our subcontractors.<\/li>\n<\/ul>\n<p>The management of TES will set a good example on compliance and enhancement of the integrated management system and inform its employees as well as other parties about fulfilling this policy.<\/p>\n","protected":false},"excerpt":{"rendered":"<p>TES gives the highest priority to quality assurance system, industrial safety and environmental management protection while providing quality services to our customers. Transparent and systematic approach is the key aspect of the company management on all levels of the TES organisation. That is why our company has introduced Integrated Management System that allows us to [&hellip;]<\/p>\n","protected":false},"author":3,"featured_media":0,"parent":1082,"menu_order":28,"comment_status":"closed","ping_status":"closed","template":"","meta":[],"yst_prominent_words":[],"acf":[],"yoast_head":"<!-- This site is optimized with the Yoast SEO Premium plugin v14.1 - https:\/\/yoast.com\/wordpress\/plugins\/seo\/ -->\n<meta name=\"robots\" content=\"index, follow\" \/>\n<meta name=\"googlebot\" content=\"index, follow, max-snippet:-1, max-image-preview:large, max-video-preview:-1\" \/>\n<meta name=\"bingbot\" content=\"index, follow, max-snippet:-1, max-image-preview:large, max-video-preview:-1\" \/>\n<link rel=\"canonical\" href=\"https:\/\/www.tes.eu\/en\/o-nas\/system-rizeni\/\" \/>\n<meta property=\"og:locale\" content=\"en_US\" \/>\n<meta property=\"og:type\" content=\"article\" \/>\n<meta property=\"og:title\" content=\"Integrated management system &ndash; TES\" \/>\n<meta property=\"og:description\" content=\"TES gives the highest priority to quality assurance system, industrial safety and environmental management protection while providing quality services to our customers. Transparent and systematic approach is the key aspect of the company management on all levels of the TES organisation. That is why our company has introduced Integrated Management System that allows us to [&hellip;]\" \/>\n<meta property=\"og:url\" content=\"https:\/\/www.tes.eu\/en\/o-nas\/system-rizeni\/\" \/>\n<meta property=\"og:site_name\" content=\"TES\" \/>\n<meta property=\"article:modified_time\" content=\"2023-11-02T13:39:42+00:00\" \/>\n<meta name=\"twitter:card\" content=\"summary_large_image\" \/>\n<script type=\"application\/ld+json\" class=\"yoast-schema-graph\">{\"@context\":\"https:\/\/schema.org\",\"@graph\":[{\"@type\":\"WebSite\",\"@id\":\"https:\/\/www.tes.eu\/en\/#website\",\"url\":\"https:\/\/www.tes.eu\/en\/\",\"name\":\"TES\",\"description\":\"Jsme experty v jadern\\u00e9 Energetice\",\"potentialAction\":[{\"@type\":\"SearchAction\",\"target\":\"https:\/\/www.tes.eu\/en\/?s={search_term_string}\",\"query-input\":\"required name=search_term_string\"}],\"inLanguage\":\"en-US\"},{\"@type\":\"WebPage\",\"@id\":\"https:\/\/www.tes.eu\/en\/o-nas\/system-rizeni\/#webpage\",\"url\":\"https:\/\/www.tes.eu\/en\/o-nas\/system-rizeni\/\",\"name\":\"Integrated management system &ndash; TES\",\"isPartOf\":{\"@id\":\"https:\/\/www.tes.eu\/en\/#website\"},\"datePublished\":\"2019-09-16T07:49:29+00:00\",\"dateModified\":\"2023-11-02T13:39:42+00:00\",\"inLanguage\":\"en-US\",\"potentialAction\":[{\"@type\":\"ReadAction\",\"target\":[\"https:\/\/www.tes.eu\/en\/o-nas\/system-rizeni\/\"]}]}]}<\/script>\n<!-- \/ Yoast SEO Premium plugin. -->","_links":{"self":[{"href":"https:\/\/www.tes.eu\/en\/wp-json\/wp\/v2\/pages\/1108"}],"collection":[{"href":"https:\/\/www.tes.eu\/en\/wp-json\/wp\/v2\/pages"}],"about":[{"href":"https:\/\/www.tes.eu\/en\/wp-json\/wp\/v2\/types\/page"}],"author":[{"embeddable":true,"href":"https:\/\/www.tes.eu\/en\/wp-json\/wp\/v2\/users\/3"}],"replies":[{"embeddable":true,"href":"https:\/\/www.tes.eu\/en\/wp-json\/wp\/v2\/comments?post=1108"}],"version-history":[{"count":26,"href":"https:\/\/www.tes.eu\/en\/wp-json\/wp\/v2\/pages\/1108\/revisions"}],"predecessor-version":[{"id":3437,"href":"https:\/\/www.tes.eu\/en\/wp-json\/wp\/v2\/pages\/1108\/revisions\/3437"}],"up":[{"embeddable":true,"href":"https:\/\/www.tes.eu\/en\/wp-json\/wp\/v2\/pages\/1082"}],"wp:attachment":[{"href":"https:\/\/www.tes.eu\/en\/wp-json\/wp\/v2\/media?parent=1108"}],"wp:term":[{"taxonomy":"yst_prominent_words","embeddable":true,"href":"https:\/\/www.tes.eu\/en\/wp-json\/wp\/v2\/yst_prominent_words?post=1108"}],"curies":[{"name":"wp","href":"https:\/\/api.w.org\/{rel}","templated":true}]}}